{"id":535,"date":"2023-07-06T13:10:00","date_gmt":"2023-07-06T13:10:00","guid":{"rendered":"https:\/\/preprods.tjp.abcmperformances.com\/wp\/?page_id=535"},"modified":"2023-07-14T14:52:49","modified_gmt":"2023-07-14T14:52:49","slug":"garderie-artistique","status":"publish","type":"page","link":"https:\/\/preprods.tjp.abcmperformances.com\/wp\/lieu-commun\/garderie-artistique\/","title":{"rendered":"Garderie artistique"},"content":{"rendered":"\t\t<div data-elementor-type=\"wp-page\" data-elementor-id=\"535\" class=\"elementor elementor-535\" data-elementor-post-type=\"page\">\n\t\t\t\t\t\t\t\t\t<section class=\"elementor-section elementor-top-section elementor-element elementor-element-123d827b elementor-section-full_width elementor-section-height-default elementor-section-height-default\" data-id=\"123d827b\" data-element_type=\"section\">\n\t\t\t\t\t\t<div class=\"elementor-container elementor-column-gap-default\">\n\t\t\t\t\t<div class=\"elementor-column elementor-col-100 elementor-top-column elementor-element elementor-element-281f0669\" data-id=\"281f0669\" data-element_type=\"column\">\n\t\t\t<div class=\"elementor-widget-wrap elementor-element-populated\">\n\t\t\t\t\t\t\t\t<div class=\"elementor-element elementor-element-59982a08 elementor-widget elementor-widget-content\" data-id=\"59982a08\" data-element_type=\"widget\" data-widget_type=\"content.default\">\n\t\t\t\t<div class=\"elementor-widget-container\">\n\t\t\t\n        <div class=\"content-block-container double\">\n                <h2 class=\"bold\">LA GARDERIE ARTISTIQUE<\/h2>\n                            <div class=\"content-block-items-wrapper\">\n                            <div class=\"content-block-item\">\n                                        <img decoding=\"async\" src=\"https:\/\/preprods.tjp.abcmperformances.com\/wp\/wp-content\/uploads\/2023\/07\/garderie.png\" alt=\"\"\/>\n                                                                                                                                        <\/div>\n                            <div class=\"content-block-item with-icon\">\n                                                                                                    <div><p><span style=\"font-weight: 400;\">Le TJP propose une garderie pour les enfants de 4 \u00e0 12 ans, pendant les repr\u00e9sentations qui ont lieu les samedis \u00e0 18h. Vous assistez au spectacle pendant que les plus petit\u00b7es vivent, accompagn\u00e9\u00b7es par un\u00b7e intervenant\u00b7e artistique, un moment cr\u00e9atif en lien avec les th\u00e9matiques du spectacle. \u00c0 la sortie de la salle, vous vous retrouvez avec des exp\u00e9riences \u00e0 partager.<\/span><\/p><p><span style=\"font-weight: 400;\">\u00a0<\/span><\/p><p><b><span style=\"color: #29a181;\">Samedi 21 octobre<\/span> <\/b>: <a href=\"https:\/\/preprods.tjp.abcmperformances.com\/wp\/spectacle\/chouchouter-le-langage\/\" target=\"_blank\" rel=\"noopener\"><strong><span style=\"color: #d50065;\"><i>Chouchouter le langage<\/i><\/span><\/strong><\/a><b><i><br \/><\/i><\/b><b><span style=\"color: #29a181;\">Samedi 11 novembre<\/span> <\/b>: <a href=\"https:\/\/preprods.tjp.abcmperformances.com\/wp\/spectacle\/ware-mono\/\" target=\"_blank\" rel=\"noopener\"><span style=\"color: #d50065;\"><b><i>War\u00e9 Mono<\/i><\/b><\/span><\/a><b><i><br \/><\/i><\/b><b><span style=\"color: #29a181;\">Samedi 9 d\u00e9cembre<\/span> <\/b>: <a href=\"https:\/\/preprods.tjp.abcmperformances.com\/wp\/spectacle\/chers\/\" target=\"_blank\" rel=\"noopener\"><span style=\"color: #d50065;\"><b><i>Chers<\/i><\/b><\/span><\/a><b><i><br \/><\/i><\/b><b><span style=\"color: #29a181;\">Samedi 16 d\u00e9cembre<\/span> <\/b>: <a href=\"https:\/\/preprods.tjp.abcmperformances.com\/wp\/spectacle\/ma-couleur-preferee\/\" target=\"_blank\" rel=\"noopener\"><span style=\"color: #d50065;\"><b><i>Ma couleur pr\u00e9f\u00e9r\u00e9e<\/i><\/b><\/span><\/a><b><i><br \/><\/i><\/b><b><span style=\"color: #29a181;\">Samedi 27 janvier<\/span> <\/b>: <a href=\"https:\/\/preprods.tjp.abcmperformances.com\/wp\/spectacle\/angst\/\" target=\"_blank\" rel=\"noopener\"><span style=\"color: #d50065;\"><b><i>A.N.G.S.T.<\/i><\/b><\/span><\/a><b><i><br \/><\/i><\/b><b><span style=\"color: #29a181;\">Samedi 3 f\u00e9vrier<\/span> <\/b>: <a href=\"https:\/\/preprods.tjp.abcmperformances.com\/wp\/spectacle\/ma-creature\/\" target=\"_blank\" rel=\"noopener\"><span style=\"color: #d50065;\"><b><i>MA_Cr\u00e9ature<\/i><\/b><\/span><\/a><b><i><br \/><\/i><\/b><b><span style=\"color: #29a181;\">Samedi 10 f\u00e9vrier<\/span> <\/b>: <a href=\"https:\/\/preprods.tjp.abcmperformances.com\/wp\/spectacle\/le-6eme-jour\/\" target=\"_blank\" rel=\"noopener\"><span style=\"color: #d50065;\"><b><i>Le 6\u00e8me jour<\/i><\/b><\/span><\/a><b><i><br \/><\/i><\/b><b><span style=\"color: #29a181;\">Samedi 23 mars<\/span> <\/b>: <a href=\"https:\/\/preprods.tjp.abcmperformances.com\/wp\/spectacle\/terrier\/\" target=\"_blank\" rel=\"noopener\"><span style=\"color: #d50065;\"><b><i>Les Acrobates -<\/i><\/b> <b><i>\/T(e)r:::r\/Ie::::r<\/i><\/b><\/span><\/a><b><i><br \/><\/i><\/b><b><span style=\"color: #29a181;\">Samedi 6 avril<\/span> <\/b>: <a href=\"https:\/\/preprods.tjp.abcmperformances.com\/wp\/spectacle\/une-exposition\/\" target=\"_blank\" rel=\"noopener\"><span style=\"color: #d50065;\"><b><i>Une Exposition<\/i><\/b><\/span><\/a><b><i><br \/><\/i><\/b><b><span style=\"color: #29a181;\">Samedi 13 avril<\/span> <\/b>: <a href=\"https:\/\/preprods.tjp.abcmperformances.com\/wp\/spectacle\/nous-dans-le-desordre\/\" target=\"_blank\" rel=\"noopener\"><span style=\"color: #d50065;\"><b><i>La Nuit o\u00f9 le jour s\u2019est lev\u00e9<\/i><\/b><\/span><\/a><\/p><\/div>\n                                                                            <\/div>\n                            <div class=\"content-block-item with-icon\">\n                                                            <h4>INFOS & R\u00c9SERVATION<\/h4>\n                                                                                <div><p><span style=\"font-weight: 400;\"> <b>\u2192 Pour les enfants de 4 \u00e0 12 ans <\/b>(15 enfants maximum)<b><br \/>\u2192 De 17h30 \u00e0 30 min apr\u00e8s la fin de la repr\u00e9sentation <\/b><b><br \/><\/b><b>\u2192 Ouverte aux personnes d\u00e9tentrices d\u2019un billet du spectacle concern\u00e9<\/b><b><br \/><\/b><b><br \/>\u2192 6\u20ac par enfant<br \/><\/b><b><\/b><b>\u2192 R\u00e9servation indispensable<\/b><strong> et possible jusqu\u2019\u00e0 48h avant le spectacle <\/strong>(dans la limite des places disponibles)<br \/><b>\u2192 <\/b><strong>Par t\u00e9l\u00e9phone au 03 88 35 70 10<\/strong><\/span><b><i><\/i><\/b><b><i><br \/><\/i><\/b><\/p><\/div>\n                                                                            <\/div>\n                        <\/div>\n        <\/div>\n\n        \t\t<\/div>\n\t\t\t\t<\/div>\n\t\t\t\t\t<\/div>\n\t\t<\/div>\n\t\t\t\t\t\t\t<\/div>\n\t\t<\/section>\n\t\t\t\t\t\t\t<\/div>\n\t\t","protected":false},"excerpt":{"rendered":"<p>LA GARDERIE ARTISTIQUE Le TJP propose une garderie pour les enfants de 4 \u00e0 12 ans, pendant les repr\u00e9sentations qui ont lieu les samedis \u00e0 18h. Vous assistez au spectacle pendant que les plus petit\u00b7es vivent, accompagn\u00e9\u00b7es par un\u00b7e intervenant\u00b7e artistique, un moment cr\u00e9atif en lien avec les th\u00e9matiques du spectacle. \u00c0 la sortie de [&hellip;]<\/p>\n","protected":false},"author":1,"featured_media":0,"parent":204,"menu_order":3,"comment_status":"closed","ping_status":"closed","template":"","meta":{"inline_featured_image":false,"footnotes":""},"class_list":["post-535","page","type-page","status-publish","hentry"],"acf":[],"yoast_head":"<!-- This site is optimized with the Yoast SEO plugin v20.10 - https:\/\/yoast.com\/wordpress\/plugins\/seo\/ -->\n<title>Garderie artistique - TJP Strasbourg<\/title>\n<meta name=\"description\" content=\"Le TJP propose une garderie pour les enfants de 4 \u00e0 12 ans, pendant les repr\u00e9sentations qui ont lieu les samedis \u00e0 18h.\" \/>\n<meta name=\"robots\" content=\"noindex, follow, max-snippet:-1, max-image-preview:large, max-video-preview:-1\" \/>\n<meta property=\"og:locale\" content=\"fr_FR\" \/>\n<meta property=\"og:type\" content=\"article\" \/>\n<meta property=\"og:title\" content=\"Garderie artistique - TJP Strasbourg\" \/>\n<meta property=\"og:description\" content=\"Le TJP propose une garderie pour les enfants de 4 \u00e0 12 ans, pendant les repr\u00e9sentations qui ont lieu les samedis \u00e0 18h.\" \/>\n<meta property=\"og:url\" content=\"https:\/\/preprods.tjp.abcmperformances.com\/wp\/lieu-commun\/garderie-artistique\/\" \/>\n<meta property=\"og:site_name\" content=\"TJP\" \/>\n<meta property=\"article:modified_time\" content=\"2023-07-14T14:52:49+00:00\" \/>\n<meta property=\"og:image\" content=\"https:\/\/preprods.tjp.abcmperformances.com\/wp\/wp-content\/uploads\/2023\/07\/garderie.png\" \/>\n<meta name=\"twitter:card\" content=\"summary_large_image\" \/>\n<meta name=\"twitter:label1\" content=\"Dur\u00e9e de lecture estim\u00e9e\" \/>\n\t<meta name=\"twitter:data1\" content=\"2 minutes\" \/>\n<script type=\"application\/ld+json\" class=\"yoast-schema-graph\">{\"@context\":\"https:\/\/schema.org\",\"@graph\":[{\"@type\":\"WebPage\",\"@id\":\"https:\/\/preprods.tjp.abcmperformances.com\/wp\/lieu-commun\/garderie-artistique\/\",\"url\":\"https:\/\/preprods.tjp.abcmperformances.com\/wp\/lieu-commun\/garderie-artistique\/\",\"name\":\"Garderie artistique - TJP Strasbourg\",\"isPartOf\":{\"@id\":\"https:\/\/preprods.tjp.abcmperformances.com\/wp\/#website\"},\"datePublished\":\"2023-07-06T13:10:00+00:00\",\"dateModified\":\"2023-07-14T14:52:49+00:00\",\"description\":\"Le TJP propose une garderie pour les enfants de 4 \u00e0 12 ans, pendant les repr\u00e9sentations qui ont lieu les samedis \u00e0 18h.\",\"breadcrumb\":{\"@id\":\"https:\/\/preprods.tjp.abcmperformances.com\/wp\/lieu-commun\/garderie-artistique\/#breadcrumb\"},\"inLanguage\":\"fr-FR\",\"potentialAction\":[{\"@type\":\"ReadAction\",\"target\":[\"https:\/\/preprods.tjp.abcmperformances.com\/wp\/lieu-commun\/garderie-artistique\/\"]}]},{\"@type\":\"BreadcrumbList\",\"@id\":\"https:\/\/preprods.tjp.abcmperformances.com\/wp\/lieu-commun\/garderie-artistique\/#breadcrumb\",\"itemListElement\":[{\"@type\":\"ListItem\",\"position\":1,\"name\":\"Accueil\",\"item\":\"https:\/\/preprods.tjp.abcmperformances.com\/wp\/\"},{\"@type\":\"ListItem\",\"position\":2,\"name\":\"Lieu commun\",\"item\":\"https:\/\/preprods.tjp.abcmperformances.com\/wp\/lieu-commun\/\"},{\"@type\":\"ListItem\",\"position\":3,\"name\":\"Garderie artistique\"}]},{\"@type\":\"WebSite\",\"@id\":\"https:\/\/preprods.tjp.abcmperformances.com\/wp\/#website\",\"url\":\"https:\/\/preprods.tjp.abcmperformances.com\/wp\/\",\"name\":\"TJP\",\"description\":\"TJP\",\"potentialAction\":[{\"@type\":\"SearchAction\",\"target\":{\"@type\":\"EntryPoint\",\"urlTemplate\":\"https:\/\/preprods.tjp.abcmperformances.com\/wp\/?s={search_term_string}\"},\"query-input\":\"required name=search_term_string\"}],\"inLanguage\":\"fr-FR\"}]}<\/script>\n<!-- \/ Yoast SEO plugin. -->","yoast_head_json":{"title":"Garderie artistique - TJP Strasbourg","description":"Le TJP propose une garderie pour les enfants de 4 \u00e0 12 ans, pendant les repr\u00e9sentations qui ont lieu les samedis \u00e0 18h.","robots":{"index":"noindex","follow":"follow","max-snippet":"max-snippet:-1","max-image-preview":"max-image-preview:large","max-video-preview":"max-video-preview:-1"},"og_locale":"fr_FR","og_type":"article","og_title":"Garderie artistique - TJP Strasbourg","og_description":"Le TJP propose une garderie pour les enfants de 4 \u00e0 12 ans, pendant les repr\u00e9sentations qui ont lieu les samedis \u00e0 18h.","og_url":"https:\/\/preprods.tjp.abcmperformances.com\/wp\/lieu-commun\/garderie-artistique\/","og_site_name":"TJP","article_modified_time":"2023-07-14T14:52:49+00:00","og_image":[{"url":"https:\/\/preprods.tjp.abcmperformances.com\/wp\/wp-content\/uploads\/2023\/07\/garderie.png"}],"twitter_card":"summary_large_image","twitter_misc":{"Dur\u00e9e de lecture estim\u00e9e":"2 minutes"},"schema":{"@context":"https:\/\/schema.org","@graph":[{"@type":"WebPage","@id":"https:\/\/preprods.tjp.abcmperformances.com\/wp\/lieu-commun\/garderie-artistique\/","url":"https:\/\/preprods.tjp.abcmperformances.com\/wp\/lieu-commun\/garderie-artistique\/","name":"Garderie artistique - TJP Strasbourg","isPartOf":{"@id":"https:\/\/preprods.tjp.abcmperformances.com\/wp\/#website"},"datePublished":"2023-07-06T13:10:00+00:00","dateModified":"2023-07-14T14:52:49+00:00","description":"Le TJP propose une garderie pour les enfants de 4 \u00e0 12 ans, pendant les repr\u00e9sentations qui ont lieu les samedis \u00e0 18h.","breadcrumb":{"@id":"https:\/\/preprods.tjp.abcmperformances.com\/wp\/lieu-commun\/garderie-artistique\/#breadcrumb"},"inLanguage":"fr-FR","potentialAction":[{"@type":"ReadAction","target":["https:\/\/preprods.tjp.abcmperformances.com\/wp\/lieu-commun\/garderie-artistique\/"]}]},{"@type":"BreadcrumbList","@id":"https:\/\/preprods.tjp.abcmperformances.com\/wp\/lieu-commun\/garderie-artistique\/#breadcrumb","itemListElement":[{"@type":"ListItem","position":1,"name":"Accueil","item":"https:\/\/preprods.tjp.abcmperformances.com\/wp\/"},{"@type":"ListItem","position":2,"name":"Lieu commun","item":"https:\/\/preprods.tjp.abcmperformances.com\/wp\/lieu-commun\/"},{"@type":"ListItem","position":3,"name":"Garderie artistique"}]},{"@type":"WebSite","@id":"https:\/\/preprods.tjp.abcmperformances.com\/wp\/#website","url":"https:\/\/preprods.tjp.abcmperformances.com\/wp\/","name":"TJP","description":"TJP","potentialAction":[{"@type":"SearchAction","target":{"@type":"EntryPoint","urlTemplate":"https:\/\/preprods.tjp.abcmperformances.com\/wp\/?s={search_term_string}"},"query-input":"required name=search_term_string"}],"inLanguage":"fr-FR"}]}},"_links":{"self":[{"href":"https:\/\/preprods.tjp.abcmperformances.com\/wp\/wp-json\/wp\/v2\/pages\/535","targetHints":{"allow":["GET"]}}],"collection":[{"href":"https:\/\/preprods.tjp.abcmperformances.com\/wp\/wp-json\/wp\/v2\/pages"}],"about":[{"href":"https:\/\/preprods.tjp.abcmperformances.com\/wp\/wp-json\/wp\/v2\/types\/page"}],"author":[{"embeddable":true,"href":"https:\/\/preprods.tjp.abcmperformances.com\/wp\/wp-json\/wp\/v2\/users\/1"}],"replies":[{"embeddable":true,"href":"https:\/\/preprods.tjp.abcmperformances.com\/wp\/wp-json\/wp\/v2\/comments?post=535"}],"version-history":[{"count":26,"href":"https:\/\/preprods.tjp.abcmperformances.com\/wp\/wp-json\/wp\/v2\/pages\/535\/revisions"}],"predecessor-version":[{"id":4148,"href":"https:\/\/preprods.tjp.abcmperformances.com\/wp\/wp-json\/wp\/v2\/pages\/535\/revisions\/4148"}],"up":[{"embeddable":true,"href":"https:\/\/preprods.tjp.abcmperformances.com\/wp\/wp-json\/wp\/v2\/pages\/204"}],"wp:attachment":[{"href":"https:\/\/preprods.tjp.abcmperformances.com\/wp\/wp-json\/wp\/v2\/media?parent=535"}],"curies":[{"name":"wp","href":"https:\/\/api.w.org\/{rel}","templated":true}]}}