{"id":228,"date":"2023-07-06T08:27:18","date_gmt":"2023-07-06T08:27:18","guid":{"rendered":"https:\/\/preprods.tjp.abcmperformances.com\/wp\/?page_id=228"},"modified":"2023-07-12T14:15:45","modified_gmt":"2023-07-12T14:15:45","slug":"foire-aux-questions","status":"publish","type":"page","link":"https:\/\/preprods.tjp.abcmperformances.com\/wp\/foire-aux-questions\/","title":{"rendered":"FAQ"},"content":{"rendered":"\t\t<div data-elementor-type=\"wp-page\" data-elementor-id=\"228\" class=\"elementor elementor-228\" data-elementor-post-type=\"page\">\n\t\t\t\t\t\t\t\t\t<section class=\"elementor-section elementor-top-section elementor-element elementor-element-e13e5b2 elementor-section-boxed elementor-section-height-default elementor-section-height-default\" data-id=\"e13e5b2\" data-element_type=\"section\">\n\t\t\t\t\t\t<div class=\"elementor-container elementor-column-gap-default\">\n\t\t\t\t\t<div class=\"elementor-column elementor-col-100 elementor-top-column elementor-element elementor-element-3f62576\" data-id=\"3f62576\" data-element_type=\"column\">\n\t\t\t<div class=\"elementor-widget-wrap elementor-element-populated\">\n\t\t\t\t\t\t\t\t<div class=\"elementor-element elementor-element-3fbd4d2 elementor-widget elementor-widget-content\" data-id=\"3fbd4d2\" data-element_type=\"widget\" data-widget_type=\"content.default\">\n\t\t\t\t<div class=\"elementor-widget-container\">\n\t\t\t\n        <div class=\"content-block-container no-bottom-padding\">\n                <h2 class=\"bold\">FOIRE AUX QUESTIONS<\/h2>\n                            <div class=\"content-block-items-wrapper\">\n                        <\/div>\n        <\/div>\n\n        \t\t<\/div>\n\t\t\t\t<\/div>\n\t\t\t\t\t<\/div>\n\t\t<\/div>\n\t\t\t\t\t\t\t<\/div>\n\t\t<\/section>\n\t\t\t\t<section class=\"elementor-section elementor-top-section elementor-element elementor-element-fbe96ae elementor-section-boxed elementor-section-height-default elementor-section-height-default\" data-id=\"fbe96ae\" data-element_type=\"section\">\n\t\t\t\t\t\t<div class=\"elementor-container elementor-column-gap-default\">\n\t\t\t\t\t<div class=\"elementor-column elementor-col-100 elementor-top-column elementor-element elementor-element-e85390a\" data-id=\"e85390a\" data-element_type=\"column\">\n\t\t\t<div class=\"elementor-widget-wrap elementor-element-populated\">\n\t\t\t\t\t\t\t\t<div class=\"elementor-element elementor-element-3d3ed12e elementor-widget elementor-widget-toggle\" data-id=\"3d3ed12e\" data-element_type=\"widget\" data-widget_type=\"toggle.default\">\n\t\t\t\t<div class=\"elementor-widget-container\">\n\t\t\t<style>\/*! elementor - v3.14.0 - 26-06-2023 *\/\n.elementor-toggle{text-align:left}.elementor-toggle .elementor-tab-title{font-weight:700;line-height:1;margin:0;padding:15px;border-bottom:1px solid #d5d8dc;cursor:pointer;outline:none}.elementor-toggle .elementor-tab-title .elementor-toggle-icon{display:inline-block;width:1em}.elementor-toggle .elementor-tab-title .elementor-toggle-icon svg{-webkit-margin-start:-5px;margin-inline-start:-5px;width:1em;height:1em}.elementor-toggle .elementor-tab-title .elementor-toggle-icon.elementor-toggle-icon-right{float:right;text-align:right}.elementor-toggle .elementor-tab-title .elementor-toggle-icon.elementor-toggle-icon-left{float:left;text-align:left}.elementor-toggle .elementor-tab-title .elementor-toggle-icon .elementor-toggle-icon-closed{display:block}.elementor-toggle .elementor-tab-title .elementor-toggle-icon .elementor-toggle-icon-opened{display:none}.elementor-toggle .elementor-tab-title.elementor-active{border-bottom:none}.elementor-toggle .elementor-tab-title.elementor-active .elementor-toggle-icon-closed{display:none}.elementor-toggle .elementor-tab-title.elementor-active .elementor-toggle-icon-opened{display:block}.elementor-toggle .elementor-tab-content{padding:15px;border-bottom:1px solid #d5d8dc;display:none}@media (max-width:767px){.elementor-toggle .elementor-tab-title{padding:12px}.elementor-toggle .elementor-tab-content{padding:12px 10px}}.e-con-inner>.elementor-widget-toggle,.e-con>.elementor-widget-toggle{width:var(--container-widget-width);--flex-grow:var(--container-widget-flex-grow)}<\/style>\t\t<div class=\"elementor-toggle\">\n\t\t\t\t\t\t\t<div class=\"elementor-toggle-item\">\n\t\t\t\t\t<div id=\"elementor-tab-title-1021\" class=\"elementor-tab-title\" data-tab=\"1\" role=\"button\" aria-controls=\"elementor-tab-content-1021\" aria-expanded=\"false\">\n\t\t\t\t\t\t\t\t\t\t\t\t<span class=\"elementor-toggle-icon elementor-toggle-icon-right\" aria-hidden=\"true\">\n\t\t\t\t\t\t\t\t\t\t\t\t\t\t\t<span class=\"elementor-toggle-icon-closed\"><i class=\"fas fa-caret-down\"><\/i><\/span>\n\t\t\t\t\t\t\t\t<span class=\"elementor-toggle-icon-opened\"><i class=\"elementor-toggle-icon-opened fas fa-caret-up\"><\/i><\/span>\n\t\t\t\t\t\t\t\t\t\t\t\t\t<\/span>\n\t\t\t\t\t\t\t\t\t\t\t\t<a class=\"elementor-toggle-title\" tabindex=\"0\">J\u2019ai un projet artistique \u00e0 proposer. \u00c0 qui puis-je m\u2019adresser ?<\/a>\n\t\t\t\t\t<\/div>\n\n\t\t\t\t\t<div id=\"elementor-tab-content-1021\" class=\"elementor-tab-content elementor-clearfix\" data-tab=\"1\" role=\"region\" aria-labelledby=\"elementor-tab-title-1021\"><p><i><span style=\"font-weight: 400;\">Pour toute demande li\u00e9e \u00e0 un projet artistique vous pouvez envoyer un mail \u00e0 <\/span><\/i><a href=\"mailto:programmation@tjp-strasbourg.com\"><strong><i>programmation@tjp-strasbourg.com<\/i><\/strong><\/a><\/p><\/div>\n\t\t\t\t<\/div>\n\t\t\t\t\t\t\t<div class=\"elementor-toggle-item\">\n\t\t\t\t\t<div id=\"elementor-tab-title-1022\" class=\"elementor-tab-title\" data-tab=\"2\" role=\"button\" aria-controls=\"elementor-tab-content-1022\" aria-expanded=\"false\">\n\t\t\t\t\t\t\t\t\t\t\t\t<span class=\"elementor-toggle-icon elementor-toggle-icon-right\" aria-hidden=\"true\">\n\t\t\t\t\t\t\t\t\t\t\t\t\t\t\t<span class=\"elementor-toggle-icon-closed\"><i class=\"fas fa-caret-down\"><\/i><\/span>\n\t\t\t\t\t\t\t\t<span class=\"elementor-toggle-icon-opened\"><i class=\"elementor-toggle-icon-opened fas fa-caret-up\"><\/i><\/span>\n\t\t\t\t\t\t\t\t\t\t\t\t\t<\/span>\n\t\t\t\t\t\t\t\t\t\t\t\t<a class=\"elementor-toggle-title\" tabindex=\"0\">Je voudrais faire une activit\u00e9 artistique r\u00e9guli\u00e8rement, avez-vous des cours  ? <\/a>\n\t\t\t\t\t<\/div>\n\n\t\t\t\t\t<div id=\"elementor-tab-content-1022\" class=\"elementor-tab-content elementor-clearfix\" data-tab=\"2\" role=\"region\" aria-labelledby=\"elementor-tab-title-1022\"><p><i>Il n\u2019y a pas de cours hebdomadaire au TJP. En revanche, nous proposons des pratiques artistiques ponctuelles : divers ateliers en lien avec les spectacles de la saison et propos\u00e9s \u00e0 partir de 3 ans jusqu\u2019\u00e0 l\u2019\u00e2ge adulte, ou bien des ateliers pendant les vacances scolaires : \u201c<a href=\"https:\/\/preprods.tjp.abcmperformances.com\/wp\/la-saison\/ateliers\/collectif-en-scene\/\" target=\"_blank\" rel=\"noopener\"><span style=\"color: #29a181;\"><strong>le collectif en sc\u00e8ne<\/strong><\/span><\/a>\u201d destin\u00e9 aux 8-13 ans et \u201c<a href=\"https:\/\/preprods.tjp.abcmperformances.com\/wp\/la-saison\/ateliers\/collectif-en-images\/\" target=\"_blank\" rel=\"noopener\"><strong><span style=\"color: #29a181;\">le collectif en images<\/span><\/strong><\/a>\u201d pour les 13-18 ans. Pour avoir plus d\u2019informations ou si vous souhaitez vous inscrire, vous pouvez consulter la rubrique <span style=\"color: #e95722;\"><strong>Actions artistiques<\/strong><\/span> sur notre site.<\/i><\/p><\/div>\n\t\t\t\t<\/div>\n\t\t\t\t\t\t\t<div class=\"elementor-toggle-item\">\n\t\t\t\t\t<div id=\"elementor-tab-title-1023\" class=\"elementor-tab-title\" data-tab=\"3\" role=\"button\" aria-controls=\"elementor-tab-content-1023\" aria-expanded=\"false\">\n\t\t\t\t\t\t\t\t\t\t\t\t<span class=\"elementor-toggle-icon elementor-toggle-icon-right\" aria-hidden=\"true\">\n\t\t\t\t\t\t\t\t\t\t\t\t\t\t\t<span class=\"elementor-toggle-icon-closed\"><i class=\"fas fa-caret-down\"><\/i><\/span>\n\t\t\t\t\t\t\t\t<span class=\"elementor-toggle-icon-opened\"><i class=\"elementor-toggle-icon-opened fas fa-caret-up\"><\/i><\/span>\n\t\t\t\t\t\t\t\t\t\t\t\t\t<\/span>\n\t\t\t\t\t\t\t\t\t\t\t\t<a class=\"elementor-toggle-title\" tabindex=\"0\">J\u2019ai mes billets pour venir voir un spectacle avec mon enfant, mais je serai aussi avec son\u00b7sa petit\u00b7e soeur\u00b7fr\u00e8re. Puis-je rentrer en salle avec les 2 ? <\/a>\n\t\t\t\t\t<\/div>\n\n\t\t\t\t\t<div id=\"elementor-tab-content-1023\" class=\"elementor-tab-content elementor-clearfix\" data-tab=\"3\" role=\"region\" aria-labelledby=\"elementor-tab-title-1023\"><p><i>Si votre enfant n\u2019a pas l\u2019\u00e2ge indiqu\u00e9 pour entrer en salle, nous vous d\u00e9conseillons de le faire, il risquerait de vivre une mauvaise exp\u00e9rience de petit\u00b7e spectateur\u00b7trice et ce serait dommage ! En revanche, nous mettons en place une <a href=\"https:\/\/preprods.tjp.abcmperformances.com\/wp\/lieu-commun\/garderie-artistique\/\" target=\"_blank\" rel=\"noopener\"><strong><span style=\"color: #29a181;\">garderie artistique<\/span><\/strong><\/a> pour les enfants de 4 \u00e0 12 ans certains jours (voir notre site internet) afin de vous permettre de vivre un spectacle avec les enfants concern\u00e9s, en laissant vos plus petits s\u2019amuser et cr\u00e9er en pr\u00e9sence d\u2019un\u00b7e artiste de notre garderie artistique.\u00a0<\/i><\/p><\/div>\n\t\t\t\t<\/div>\n\t\t\t\t\t\t\t<div class=\"elementor-toggle-item\">\n\t\t\t\t\t<div id=\"elementor-tab-title-1024\" class=\"elementor-tab-title\" data-tab=\"4\" role=\"button\" aria-controls=\"elementor-tab-content-1024\" aria-expanded=\"false\">\n\t\t\t\t\t\t\t\t\t\t\t\t<span class=\"elementor-toggle-icon elementor-toggle-icon-right\" aria-hidden=\"true\">\n\t\t\t\t\t\t\t\t\t\t\t\t\t\t\t<span class=\"elementor-toggle-icon-closed\"><i class=\"fas fa-caret-down\"><\/i><\/span>\n\t\t\t\t\t\t\t\t<span class=\"elementor-toggle-icon-opened\"><i class=\"elementor-toggle-icon-opened fas fa-caret-up\"><\/i><\/span>\n\t\t\t\t\t\t\t\t\t\t\t\t\t<\/span>\n\t\t\t\t\t\t\t\t\t\t\t\t<a class=\"elementor-toggle-title\" tabindex=\"0\">Je suis int\u00e9ress\u00e9e pour venir voir un spectacle avec ma classe, \u00e0 qui dois-je m\u2019adresser pour avoir des informations ? <\/a>\n\t\t\t\t\t<\/div>\n\n\t\t\t\t\t<div id=\"elementor-tab-content-1024\" class=\"elementor-tab-content elementor-clearfix\" data-tab=\"4\" role=\"region\" aria-labelledby=\"elementor-tab-title-1024\"><p><em>Pour toutes informations concernant une classe, vous pouvez consulter notre <a href=\"https:\/\/preprods.tjp.abcmperformances.com\/wp\/espacepro-enseignants-partenaires\/\" target=\"_blank\" rel=\"noopener\"><span style=\"color: #e95722;\"><strong>espace pro enseignants<\/strong><\/span><\/a> qui vous indiquera votre interlocuteur\u00b7trice \u00e0 contacter, en fonction du niveau scolaire de votre classe. <\/em><\/p><\/div>\n\t\t\t\t<\/div>\n\t\t\t\t\t\t\t<div class=\"elementor-toggle-item\">\n\t\t\t\t\t<div id=\"elementor-tab-title-1025\" class=\"elementor-tab-title\" data-tab=\"5\" role=\"button\" aria-controls=\"elementor-tab-content-1025\" aria-expanded=\"false\">\n\t\t\t\t\t\t\t\t\t\t\t\t<span class=\"elementor-toggle-icon elementor-toggle-icon-right\" aria-hidden=\"true\">\n\t\t\t\t\t\t\t\t\t\t\t\t\t\t\t<span class=\"elementor-toggle-icon-closed\"><i class=\"fas fa-caret-down\"><\/i><\/span>\n\t\t\t\t\t\t\t\t<span class=\"elementor-toggle-icon-opened\"><i class=\"elementor-toggle-icon-opened fas fa-caret-up\"><\/i><\/span>\n\t\t\t\t\t\t\t\t\t\t\t\t\t<\/span>\n\t\t\t\t\t\t\t\t\t\t\t\t<a class=\"elementor-toggle-title\" tabindex=\"0\">AVEZ-VOUS UN BAR ?<\/a>\n\t\t\t\t\t<\/div>\n\n\t\t\t\t\t<div id=\"elementor-tab-content-1025\" class=\"elementor-tab-content elementor-clearfix\" data-tab=\"5\" role=\"region\" aria-labelledby=\"elementor-tab-title-1025\"><p>\u00c0 la Petite et \u00e0 la Grande sc\u00e8ne, le bar est ouvert une heure avant et apr\u00e8s chaque proposition artistique et vous propose boissons et petite restauration.<\/p><\/div>\n\t\t\t\t<\/div>\n\t\t\t\t\t\t\t<div class=\"elementor-toggle-item\">\n\t\t\t\t\t<div id=\"elementor-tab-title-1026\" class=\"elementor-tab-title\" data-tab=\"6\" role=\"button\" aria-controls=\"elementor-tab-content-1026\" aria-expanded=\"false\">\n\t\t\t\t\t\t\t\t\t\t\t\t<span class=\"elementor-toggle-icon elementor-toggle-icon-right\" aria-hidden=\"true\">\n\t\t\t\t\t\t\t\t\t\t\t\t\t\t\t<span class=\"elementor-toggle-icon-closed\"><i class=\"fas fa-caret-down\"><\/i><\/span>\n\t\t\t\t\t\t\t\t<span class=\"elementor-toggle-icon-opened\"><i class=\"elementor-toggle-icon-opened fas fa-caret-up\"><\/i><\/span>\n\t\t\t\t\t\t\t\t\t\t\t\t\t<\/span>\n\t\t\t\t\t\t\t\t\t\t\t\t<a class=\"elementor-toggle-title\" tabindex=\"0\">Le TJP est-il accessible aux personnes \u00e0 mobilit\u00e9 r\u00e9duite ?<\/a>\n\t\t\t\t\t<\/div>\n\n\t\t\t\t\t<div id=\"elementor-tab-content-1026\" class=\"elementor-tab-content elementor-clearfix\" data-tab=\"6\" role=\"region\" aria-labelledby=\"elementor-tab-title-1026\"><p>La petite et la Grande Sc\u00e8ne sont accessibles aux personnes \u00e0 mobilit\u00e9 r\u00e9duite. Pour mieux vous accueillir, merci de nous avertir lors de votre r\u00e9servation.\u00a0<\/p><\/div>\n\t\t\t\t<\/div>\n\t\t\t\t\t\t\t<div class=\"elementor-toggle-item\">\n\t\t\t\t\t<div id=\"elementor-tab-title-1027\" class=\"elementor-tab-title\" data-tab=\"7\" role=\"button\" aria-controls=\"elementor-tab-content-1027\" aria-expanded=\"false\">\n\t\t\t\t\t\t\t\t\t\t\t\t<span class=\"elementor-toggle-icon elementor-toggle-icon-right\" aria-hidden=\"true\">\n\t\t\t\t\t\t\t\t\t\t\t\t\t\t\t<span class=\"elementor-toggle-icon-closed\"><i class=\"fas fa-caret-down\"><\/i><\/span>\n\t\t\t\t\t\t\t\t<span class=\"elementor-toggle-icon-opened\"><i class=\"elementor-toggle-icon-opened fas fa-caret-up\"><\/i><\/span>\n\t\t\t\t\t\t\t\t\t\t\t\t\t<\/span>\n\t\t\t\t\t\t\t\t\t\t\t\t<a class=\"elementor-toggle-title\" tabindex=\"0\">Dois-je imprimer mes billets si je les ai sur le t\u00e9l\u00e9phone ?<\/a>\n\t\t\t\t\t<\/div>\n\n\t\t\t\t\t<div id=\"elementor-tab-content-1027\" class=\"elementor-tab-content elementor-clearfix\" data-tab=\"7\" role=\"region\" aria-labelledby=\"elementor-tab-title-1027\"><p>Il n\u2019est pas utile d\u2019imprimer vos billets s\u2019ils sont sur votre t\u00e9l\u00e9phone. Il vous suffira de montrer le QR code au contr\u00f4le des billets avant d\u2019entrer en salle de spectacle.<\/p><\/div>\n\t\t\t\t<\/div>\n\t\t\t\t\t\t\t<div class=\"elementor-toggle-item\">\n\t\t\t\t\t<div id=\"elementor-tab-title-1028\" class=\"elementor-tab-title\" data-tab=\"8\" role=\"button\" aria-controls=\"elementor-tab-content-1028\" aria-expanded=\"false\">\n\t\t\t\t\t\t\t\t\t\t\t\t<span class=\"elementor-toggle-icon elementor-toggle-icon-right\" aria-hidden=\"true\">\n\t\t\t\t\t\t\t\t\t\t\t\t\t\t\t<span class=\"elementor-toggle-icon-closed\"><i class=\"fas fa-caret-down\"><\/i><\/span>\n\t\t\t\t\t\t\t\t<span class=\"elementor-toggle-icon-opened\"><i class=\"elementor-toggle-icon-opened fas fa-caret-up\"><\/i><\/span>\n\t\t\t\t\t\t\t\t\t\t\t\t\t<\/span>\n\t\t\t\t\t\t\t\t\t\t\t\t<a class=\"elementor-toggle-title\" tabindex=\"0\">Le placement est-il num\u00e9rot\u00e9 ?<\/a>\n\t\t\t\t\t<\/div>\n\n\t\t\t\t\t<div id=\"elementor-tab-content-1028\" class=\"elementor-tab-content elementor-clearfix\" data-tab=\"8\" role=\"region\" aria-labelledby=\"elementor-tab-title-1028\"><p>Non, le placement est libre. L\u2019ouverture des portes se fait en g\u00e9n\u00e9ral 5 minutes avant le d\u00e9but du spectacle.<\/p><\/div>\n\t\t\t\t<\/div>\n\t\t\t\t\t\t\t<div class=\"elementor-toggle-item\">\n\t\t\t\t\t<div id=\"elementor-tab-title-1029\" class=\"elementor-tab-title\" data-tab=\"9\" role=\"button\" aria-controls=\"elementor-tab-content-1029\" aria-expanded=\"false\">\n\t\t\t\t\t\t\t\t\t\t\t\t<span class=\"elementor-toggle-icon elementor-toggle-icon-right\" aria-hidden=\"true\">\n\t\t\t\t\t\t\t\t\t\t\t\t\t\t\t<span class=\"elementor-toggle-icon-closed\"><i class=\"fas fa-caret-down\"><\/i><\/span>\n\t\t\t\t\t\t\t\t<span class=\"elementor-toggle-icon-opened\"><i class=\"elementor-toggle-icon-opened fas fa-caret-up\"><\/i><\/span>\n\t\t\t\t\t\t\t\t\t\t\t\t\t<\/span>\n\t\t\t\t\t\t\t\t\t\t\t\t<a class=\"elementor-toggle-title\" tabindex=\"0\">Les photos et vid\u00e9os sont-elles autoris\u00e9es ?<\/a>\n\t\t\t\t\t<\/div>\n\n\t\t\t\t\t<div id=\"elementor-tab-content-1029\" class=\"elementor-tab-content elementor-clearfix\" data-tab=\"9\" role=\"region\" aria-labelledby=\"elementor-tab-title-1029\"><p>Non, il n\u2019est pas possible de prendre des photos et des vid\u00e9os pendant toute la dur\u00e9e d&rsquo;une repr\u00e9sentation.<\/p><\/div>\n\t\t\t\t<\/div>\n\t\t\t\t\t\t\t\t<\/div>\n\t\t\t\t<\/div>\n\t\t\t\t<\/div>\n\t\t\t\t\t<\/div>\n\t\t<\/div>\n\t\t\t\t\t\t\t<\/div>\n\t\t<\/section>\n\t\t\t\t\t\t\t<\/div>\n\t\t","protected":false},"excerpt":{"rendered":"<p>FOIRE AUX QUESTIONS J\u2019ai un projet artistique \u00e0 proposer. \u00c0 qui puis-je m\u2019adresser ? Pour toute demande li\u00e9e \u00e0 un projet artistique vous pouvez envoyer un mail \u00e0 programmation@tjp-strasbourg.com Je voudrais faire une activit\u00e9 artistique r\u00e9guli\u00e8rement, avez-vous des cours ? Il n\u2019y a pas de cours hebdomadaire au TJP. En revanche, nous proposons des pratiques [&hellip;]<\/p>\n","protected":false},"author":1,"featured_media":0,"parent":0,"menu_order":20,"comment_status":"closed","ping_status":"closed","template":"","meta":{"inline_featured_image":false,"footnotes":""},"class_list":["post-228","page","type-page","status-publish","hentry"],"acf":[],"yoast_head":"<!-- This site is optimized with the Yoast SEO plugin v20.10 - https:\/\/yoast.com\/wordpress\/plugins\/seo\/ -->\n<title>FAQ - TJP Strasbourg<\/title>\n<meta name=\"description\" content=\"Des questions ? Vous trouverez peut-\u00eatre des r\u00e9ponses dans notre FAQ !\" \/>\n<meta name=\"robots\" content=\"noindex, follow, max-snippet:-1, max-image-preview:large, max-video-preview:-1\" \/>\n<meta property=\"og:locale\" content=\"fr_FR\" \/>\n<meta property=\"og:type\" content=\"article\" \/>\n<meta property=\"og:title\" content=\"FAQ - TJP Strasbourg\" \/>\n<meta property=\"og:description\" content=\"Des questions ? Vous trouverez peut-\u00eatre des r\u00e9ponses dans notre FAQ !\" \/>\n<meta property=\"og:url\" content=\"https:\/\/preprods.tjp.abcmperformances.com\/wp\/foire-aux-questions\/\" \/>\n<meta property=\"og:site_name\" content=\"TJP\" \/>\n<meta property=\"article:modified_time\" content=\"2023-07-12T14:15:45+00:00\" \/>\n<meta name=\"twitter:card\" content=\"summary_large_image\" \/>\n<meta name=\"twitter:label1\" content=\"Dur\u00e9e de lecture estim\u00e9e\" \/>\n\t<meta name=\"twitter:data1\" content=\"3 minutes\" \/>\n<script type=\"application\/ld+json\" class=\"yoast-schema-graph\">{\"@context\":\"https:\/\/schema.org\",\"@graph\":[{\"@type\":\"WebPage\",\"@id\":\"https:\/\/preprods.tjp.abcmperformances.com\/wp\/foire-aux-questions\/\",\"url\":\"https:\/\/preprods.tjp.abcmperformances.com\/wp\/foire-aux-questions\/\",\"name\":\"FAQ - TJP Strasbourg\",\"isPartOf\":{\"@id\":\"https:\/\/preprods.tjp.abcmperformances.com\/wp\/#website\"},\"datePublished\":\"2023-07-06T08:27:18+00:00\",\"dateModified\":\"2023-07-12T14:15:45+00:00\",\"description\":\"Des questions ? Vous trouverez peut-\u00eatre des r\u00e9ponses dans notre FAQ !\",\"breadcrumb\":{\"@id\":\"https:\/\/preprods.tjp.abcmperformances.com\/wp\/foire-aux-questions\/#breadcrumb\"},\"inLanguage\":\"fr-FR\",\"potentialAction\":[{\"@type\":\"ReadAction\",\"target\":[\"https:\/\/preprods.tjp.abcmperformances.com\/wp\/foire-aux-questions\/\"]}]},{\"@type\":\"BreadcrumbList\",\"@id\":\"https:\/\/preprods.tjp.abcmperformances.com\/wp\/foire-aux-questions\/#breadcrumb\",\"itemListElement\":[{\"@type\":\"ListItem\",\"position\":1,\"name\":\"Accueil\",\"item\":\"https:\/\/preprods.tjp.abcmperformances.com\/wp\/\"},{\"@type\":\"ListItem\",\"position\":2,\"name\":\"FAQ\"}]},{\"@type\":\"WebSite\",\"@id\":\"https:\/\/preprods.tjp.abcmperformances.com\/wp\/#website\",\"url\":\"https:\/\/preprods.tjp.abcmperformances.com\/wp\/\",\"name\":\"TJP\",\"description\":\"TJP\",\"potentialAction\":[{\"@type\":\"SearchAction\",\"target\":{\"@type\":\"EntryPoint\",\"urlTemplate\":\"https:\/\/preprods.tjp.abcmperformances.com\/wp\/?s={search_term_string}\"},\"query-input\":\"required name=search_term_string\"}],\"inLanguage\":\"fr-FR\"}]}<\/script>\n<!-- \/ Yoast SEO plugin. -->","yoast_head_json":{"title":"FAQ - TJP Strasbourg","description":"Des questions ? Vous trouverez peut-\u00eatre des r\u00e9ponses dans notre FAQ !","robots":{"index":"noindex","follow":"follow","max-snippet":"max-snippet:-1","max-image-preview":"max-image-preview:large","max-video-preview":"max-video-preview:-1"},"og_locale":"fr_FR","og_type":"article","og_title":"FAQ - TJP Strasbourg","og_description":"Des questions ? Vous trouverez peut-\u00eatre des r\u00e9ponses dans notre FAQ !","og_url":"https:\/\/preprods.tjp.abcmperformances.com\/wp\/foire-aux-questions\/","og_site_name":"TJP","article_modified_time":"2023-07-12T14:15:45+00:00","twitter_card":"summary_large_image","twitter_misc":{"Dur\u00e9e de lecture estim\u00e9e":"3 minutes"},"schema":{"@context":"https:\/\/schema.org","@graph":[{"@type":"WebPage","@id":"https:\/\/preprods.tjp.abcmperformances.com\/wp\/foire-aux-questions\/","url":"https:\/\/preprods.tjp.abcmperformances.com\/wp\/foire-aux-questions\/","name":"FAQ - TJP Strasbourg","isPartOf":{"@id":"https:\/\/preprods.tjp.abcmperformances.com\/wp\/#website"},"datePublished":"2023-07-06T08:27:18+00:00","dateModified":"2023-07-12T14:15:45+00:00","description":"Des questions ? Vous trouverez peut-\u00eatre des r\u00e9ponses dans notre FAQ !","breadcrumb":{"@id":"https:\/\/preprods.tjp.abcmperformances.com\/wp\/foire-aux-questions\/#breadcrumb"},"inLanguage":"fr-FR","potentialAction":[{"@type":"ReadAction","target":["https:\/\/preprods.tjp.abcmperformances.com\/wp\/foire-aux-questions\/"]}]},{"@type":"BreadcrumbList","@id":"https:\/\/preprods.tjp.abcmperformances.com\/wp\/foire-aux-questions\/#breadcrumb","itemListElement":[{"@type":"ListItem","position":1,"name":"Accueil","item":"https:\/\/preprods.tjp.abcmperformances.com\/wp\/"},{"@type":"ListItem","position":2,"name":"FAQ"}]},{"@type":"WebSite","@id":"https:\/\/preprods.tjp.abcmperformances.com\/wp\/#website","url":"https:\/\/preprods.tjp.abcmperformances.com\/wp\/","name":"TJP","description":"TJP","potentialAction":[{"@type":"SearchAction","target":{"@type":"EntryPoint","urlTemplate":"https:\/\/preprods.tjp.abcmperformances.com\/wp\/?s={search_term_string}"},"query-input":"required name=search_term_string"}],"inLanguage":"fr-FR"}]}},"_links":{"self":[{"href":"https:\/\/preprods.tjp.abcmperformances.com\/wp\/wp-json\/wp\/v2\/pages\/228","targetHints":{"allow":["GET"]}}],"collection":[{"href":"https:\/\/preprods.tjp.abcmperformances.com\/wp\/wp-json\/wp\/v2\/pages"}],"about":[{"href":"https:\/\/preprods.tjp.abcmperformances.com\/wp\/wp-json\/wp\/v2\/types\/page"}],"author":[{"embeddable":true,"href":"https:\/\/preprods.tjp.abcmperformances.com\/wp\/wp-json\/wp\/v2\/users\/1"}],"replies":[{"embeddable":true,"href":"https:\/\/preprods.tjp.abcmperformances.com\/wp\/wp-json\/wp\/v2\/comments?post=228"}],"version-history":[{"count":59,"href":"https:\/\/preprods.tjp.abcmperformances.com\/wp\/wp-json\/wp\/v2\/pages\/228\/revisions"}],"predecessor-version":[{"id":3859,"href":"https:\/\/preprods.tjp.abcmperformances.com\/wp\/wp-json\/wp\/v2\/pages\/228\/revisions\/3859"}],"wp:attachment":[{"href":"https:\/\/preprods.tjp.abcmperformances.com\/wp\/wp-json\/wp\/v2\/media?parent=228"}],"curies":[{"name":"wp","href":"https:\/\/api.w.org\/{rel}","templated":true}]}}